{"id":3,"date":"2018-07-08T17:53:22","date_gmt":"2018-07-08T17:53:22","guid":{"rendered":"http:\/\/www.flowinn.biz\/?page_id=3"},"modified":"2019-03-04T15:15:49","modified_gmt":"2019-03-04T15:15:49","slug":"politica-privacidade","status":"publish","type":"page","link":"https:\/\/www.flowinn.biz\/en\/politica-privacidade\/","title":{"rendered":"Privacy Policy"},"content":{"rendered":"<div class=\"fusion-fullwidth fullwidth-box fusion-builder-row-1 nonhundred-percent-fullwidth non-hundred-percent-height-scrolling\" style=\"--awb-border-radius-top-left:0px;--awb-border-radius-top-right:0px;--awb-border-radius-bottom-right:0px;--awb-border-radius-bottom-left:0px;--awb-padding-top:40px;--awb-flex-wrap:wrap;\" ><div class=\"fusion-builder-row fusion-row\"><div class=\"fusion-layout-column fusion_builder_column fusion-builder-column-0 fusion_builder_column_1_1 1_1 fusion-one-full fusion-column-first fusion-column-last\" style=\"--awb-bg-size:cover;--awb-margin-bottom:0px;\"><div class=\"fusion-column-wrapper fusion-flex-column-wrapper-legacy\"><div class=\"fusion-text fusion-text-1\"><p>Este comunicado de privacidade explica como usamos a informa\u00e7\u00e3o pessoal que recolhemos acerca de si quando usa este website.<\/p>\n<h4>A <strong><span style=\"color: #290077;\">flowinn <\/span><\/strong>tem como compromisso assegurar um servi\u00e7o de qualidade a todos os clientes e visitantes do site, bem como aspetos que se relacionem com a sua privacidade.<\/h4>\n<h2>Que dados pessoais s\u00e3o recolhidos e como s\u00e3o recolhidos<\/h2>\n<p>Dados de informa\u00e7\u00e3o pessoal poder\u00e3o ser-lhe pedidos de forma a poder aceder a algumas \u00e1reas do site da <strong><span style=\"color: #290077;\">flowinn<\/span><\/strong>, bem como no ato de solicita\u00e7\u00e3o de informa\u00e7\u00f5es e pedido de contacto. Tamb\u00e9m recolhemos informa\u00e7\u00e3o sua quando voluntariamente preenche question\u00e1rios, usa a ferramenta de conversa\u00e7\u00e3o (\u201cchat\u201d), ou fornece opini\u00f5es (\u201cfeedback\u201d). A informa\u00e7\u00e3o de uso do website \u00e9, igualmente, recolhida usando cookies.<br \/>\nOs seus contactos s\u00e3o utilizados na nossa base de dados para envio de informa\u00e7\u00f5es relativas a a\u00e7\u00f5es promocionais, eventos,\u00a0<em>newsletters<\/em>, nova documenta\u00e7\u00e3o e outro tipo de comunica\u00e7\u00f5es.<\/p>\n<h3>Coment\u00e1rios<\/h3>\n<p>Quando os visitantes deixam coment\u00e1rios no site, s\u00e3o guardados os dados presentes no formul\u00e1rio dos coment\u00e1rios, bem como o endere\u00e7o de IP e o agente do utilizador do navegador, para ajudar com a dete\u00e7\u00e3o de <em>spam<\/em>.<\/p>\n<p>Uma <em>string<\/em> an\u00f3nima criada a partir do seu endere\u00e7o de email (tamb\u00e9m designada por <em>hash<\/em>) pode ser enviada para o servi\u00e7o Gravatar para verificar se o est\u00e1 a utilizar. A pol\u00edtica de privacidade do servi\u00e7o Gravatar est\u00e1 dispon\u00edvel aqui: https:\/\/automattic.com\/privacy\/. Depois do seu coment\u00e1rio ser aprovado, a fotografia do ser perfil fica vis\u00edvel para o p\u00fablico no contexto do seu coment\u00e1rio.<\/p>\n<h3>Multim\u00e9dia<\/h3>\n<p>Ao carregar imagens para o site, deve evitar carregar imagens com dados incorporados de geolocaliza\u00e7\u00e3o (EXIF GPS). Os visitantes podem descarregar e extrair os dados de geolocaliza\u00e7\u00e3o das imagens do site.<\/p>\n<h3>Formul\u00e1rios de contacto<\/h3>\n<p>Se preencher o formul\u00e1rio de contacto no nosso site, os seus dados ser\u00e3o utilizados para o identificar e responder de forma adequada \u00e0 sua mensagem.<\/p>\n<p>Opcionalmente, os seus contactos s\u00e3o utilizados na nossa base de dados para envio de informa\u00e7\u00f5es relativas a a\u00e7\u00f5es promocionais, eventos,\u00a0<em>newsletters<\/em>, nova documenta\u00e7\u00e3o e outro tipo de comunica\u00e7\u00f5es.<\/p>\n<h3>Cookies<\/h3>\n<p>Se deixar um coment\u00e1rio no nosso site pode optar por guardar o seu nome, endere\u00e7o de email e site nos cookies. Isto \u00e9 para sua conveni\u00eancia para n\u00e3o ter de preencher novamente os seus dados quando deixar outro coment\u00e1rio. Estes cookies durar\u00e3o um ano.<\/p>\n<p>Se tem uma conta e iniciar sess\u00e3o neste site, ser\u00e1 configurado um cookie tempor\u00e1rio para determinar se o seu navegador aceita cookies. Este cookie n\u00e3o cont\u00e9m dados pessoais e ser\u00e1 eliminado ao fechar o seu navegador.<\/p>\n<p>Ao iniciar a sess\u00e3o, ser\u00e3o configurados alguns cookies para guardar a sua informa\u00e7\u00e3o de sess\u00e3o e as suas escolhas de visualiza\u00e7\u00e3o de ecr\u00e3. Os cookies de in\u00edcio de sess\u00e3o duram um ano. Se selecionar &#8220;Lembrar-me&#8221;, a sua sess\u00e3o ir\u00e1 persistir durante duas semanas. Ao terminar a sess\u00e3o, os cookies de inicio de sess\u00e3o ser\u00e3o removidos.<\/p>\n<p>Se editar ou publicar um artigo, ser\u00e1 guardado no seu navegador um cookie adicional. Este cookie n\u00e3o inclui dados pessoais, apenas indica o ID de conte\u00fado do artigo que acabou de editar. Expira ao fim de 1 dia.<\/p>\n<h3>Conte\u00fado incorporado de outros sites<\/h3>\n<p>Os artigos neste site podem incluir conte\u00fado incorporado (por exemplo: v\u00eddeos, imagens, artigos, etc.). O conte\u00fado incorporado de outros sites comporta-se tal como se o utilizador visitasse esses sites.<\/p>\n<p>Este site pode recolher dados sobre si, usar cookies, incorporar rastreio feito por terceiros, monitorizar as suas intera\u00e7\u00f5es com o mesmo, incluindo registar as intera\u00e7\u00f5es com conte\u00fado incorporado se tiver uma conta e estiver com sess\u00e3o iniciada nesse site.<\/p>\n<h2>Com quem s\u00e3o partilhados os seus dados<\/h2>\n<p>Para garantir a seguran\u00e7a dos seus dados, e a m\u00e1xima confidencialidade, tratamos a informa\u00e7\u00e3o que nos forneceu de forma absolutamente confidencial, de acordo com as nossas pol\u00edticas e procedimentos internos de seguran\u00e7a e confidencialidade e n\u00e3o partilhamos os seus dados com terceiros para fins comerciais.<\/p>\n<p>A <strong><span style=\"color: #290077;\">flowinn<\/span> <\/strong>pode recorrer a terceiros para o envio de e-mails e SMS.<\/p>\n<h2>Por quanto tempo s\u00e3o retidos os seus dados<\/h2>\n<p>Se deixar um coment\u00e1rio, o coment\u00e1rio e os seus metadados s\u00e3o guardados indefinidamente. Isto acontece de modo a ser poss\u00edvel reconhecer e aprovar automaticamente quaisquer coment\u00e1rios seguintes, em vez de os colocar numa fila de modera\u00e7\u00e3o.<\/p>\n<p>Para utilizadores que se registem no nosso site (se algum), guardamos a informa\u00e7\u00e3o pessoal fornecida no seu perfil de utilizador. Todos os utilizadores podem ver, editar, ou eliminar a sua informa\u00e7\u00e3o pessoal a qualquer momento (com a exce\u00e7\u00e3o de n\u00e3o poderem alterar o nome de utilizador). Os administradores do site podem tamb\u00e9m ver e editar essa informa\u00e7\u00e3o.<\/p>\n<h2>Que direitos tem sobre os seus dados<\/h2>\n<p>Se tiver uma conta neste site, ou deixou coment\u00e1rios, pode pedir para receber um ficheiro de exporta\u00e7\u00e3o com os dados pessoais guardados sobre si, incluindo qualquer dado pessoal que indicou. Tamb\u00e9m pode solicitar que os dados guardados sejam eliminados. Isto n\u00e3o inclui qualquer dado pessoal que seja obrigat\u00f3rio manter para fins administrativos, legais ou de seguran\u00e7a. Para solicitar este dados, envie um email para\u00a0<a href=\"mailto: clientes@flowinn.biz\" target=\"_blank\" rel=\"noopener\">dpo@flowinn.biz.<\/a><\/p>\n<h2>Para onde s\u00e3o enviados os seus dados<\/h2>\n<p>Os coment\u00e1rios dos visitantes podem ser verificados atrav\u00e9s de um servi\u00e7o autom\u00e1tico de dete\u00e7\u00e3o de <em>spam<\/em>.<\/p>\n<h2>Informa\u00e7\u00f5es adicionais<\/h2>\n<h3>Como s\u00e3o protegidos os seus dados<\/h3>\n<p>Para garantir a seguran\u00e7a dos seu dados e a m\u00e1xima confidencialidade, tratamos a informa\u00e7\u00e3o que nos forneceu de forma absolutamente confidencial, de acordo com as nossas pol\u00edticas e procedimentos internos de seguran\u00e7a e confidencialidade. Utilizaremos tamb\u00e9m SSL em todas as p\u00e1ginas onde lhe for solicitada informa\u00e7\u00e3o pessoal, o que significa que a sua informa\u00e7\u00e3o ser\u00e1 enviada atrav\u00e9s da Internet de forma encriptada. Poder\u00e1 verificar que est\u00e1 em modo seguro quando visualizar um \u00edcone cadeado ou chave no canto inferior direito ou no canto inferior esquerdo do seu ecr\u00e3.<\/p>\n<p>O titular dos dados pode apresentar reclama\u00e7\u00e3o \u00e0 autoridade de controlo \u2013 a Comiss\u00e3o Nacional de Protec\u00e7\u00e3o de Dados.<\/p>\n<\/div><div class=\"fusion-clearfix\"><\/div><\/div><\/div><\/div><\/div>\n","protected":false},"excerpt":{"rendered":"","protected":false},"author":1,"featured_media":0,"parent":0,"menu_order":0,"comment_status":"closed","ping_status":"open","template":"","meta":{"_acf_changed":false,"footnotes":""},"class_list":["post-3","page","type-page","status-publish","hentry"],"acf":[],"_links":{"self":[{"href":"https:\/\/www.flowinn.biz\/en\/wp-json\/wp\/v2\/pages\/3","targetHints":{"allow":["GET"]}}],"collection":[{"href":"https:\/\/www.flowinn.biz\/en\/wp-json\/wp\/v2\/pages"}],"about":[{"href":"https:\/\/www.flowinn.biz\/en\/wp-json\/wp\/v2\/types\/page"}],"author":[{"embeddable":true,"href":"https:\/\/www.flowinn.biz\/en\/wp-json\/wp\/v2\/users\/1"}],"replies":[{"embeddable":true,"href":"https:\/\/www.flowinn.biz\/en\/wp-json\/wp\/v2\/comments?post=3"}],"version-history":[{"count":8,"href":"https:\/\/www.flowinn.biz\/en\/wp-json\/wp\/v2\/pages\/3\/revisions"}],"predecessor-version":[{"id":18898,"href":"https:\/\/www.flowinn.biz\/en\/wp-json\/wp\/v2\/pages\/3\/revisions\/18898"}],"wp:attachment":[{"href":"https:\/\/www.flowinn.biz\/en\/wp-json\/wp\/v2\/media?parent=3"}],"curies":[{"name":"wp","href":"https:\/\/api.w.org\/{rel}","templated":true}]}}