{"id":22066,"date":"2020-04-24T11:23:46","date_gmt":"2020-04-24T11:23:46","guid":{"rendered":"http:\/\/www.flowinn.biz\/?page_id=22066"},"modified":"2020-04-24T11:23:46","modified_gmt":"2020-04-24T11:23:46","slug":"case-studies","status":"publish","type":"page","link":"https:\/\/www.flowinn.biz\/en\/blog\/case-studies\/","title":{"rendered":"Case-Studies"},"content":{"rendered":"<div class=\"fusion-fullwidth fullwidth-box fusion-builder-row-1 nonhundred-percent-fullwidth non-hundred-percent-height-scrolling\" style=\"--awb-border-radius-top-left:0px;--awb-border-radius-top-right:0px;--awb-border-radius-bottom-right:0px;--awb-border-radius-bottom-left:0px;--awb-flex-wrap:wrap;\" ><div class=\"fusion-builder-row fusion-row\"><div class=\"fusion-layout-column fusion_builder_column fusion-builder-column-0 fusion_builder_column_1_1 1_1 fusion-one-full fusion-column-first fusion-column-last\" style=\"--awb-bg-size:cover;\"><div class=\"fusion-column-wrapper fusion-column-has-shadow fusion-flex-column-wrapper-legacy\"><div class=\"fusion-blog-shortcode fusion-blog-shortcode-1 fusion-blog-archive fusion-blog-layout-grid-wrapper fusion-blog-infinite\"><style type=\"text\/css\">.fusion-blog-shortcode-1 .fusion-blog-layout-grid .fusion-post-grid{padding:25px;}.fusion-blog-shortcode-1 .fusion-posts-container{margin-left: -25px !important; margin-right:-25px !important;}<\/style><div class=\"fusion-posts-container fusion-posts-container-infinite fusion-blog-rollover fusion-blog-layout-grid fusion-blog-layout-grid-2 isotope\" data-pages=\"1\" data-grid-col-space=\"50\" style=\"margin: -25px -25px 0;min-height:500px;\"><article id=\"blog-1-post-22154\" class=\"fusion-post-grid post-22154 post type-post status-publish format-standard has-post-thumbnail hentry category-case-study\">\n<div class=\"fusion-post-wrapper\" style=\"background-color:rgba(255,255,255,0);border:1px solid #ebeaea;border-bottom-width:3px;\">\n\n\t\t\t<div class=\"fusion-flexslider flexslider fusion-flexslider-loading fusion-post-slideshow\" style=\"border-color:#ebeaea;\">\n\t\t<ul class=\"slides\">\n\t\t\t\n\t\t\t\t\t\t\t\t\t\t\t\t\t\t<li><div  class=\"fusion-image-wrapper\" aria-haspopup=\"true\">\n\t\t\t\t<img decoding=\"async\" width=\"1360\" height=\"768\" src=\"https:\/\/www.flowinn.biz\/wp-content\/uploads\/2020\/04\/2.png\" class=\"attachment-full size-full wp-post-image\" alt=\"\" srcset=\"https:\/\/www.flowinn.biz\/wp-content\/uploads\/2020\/04\/2-200x113.png 200w, https:\/\/www.flowinn.biz\/wp-content\/uploads\/2020\/04\/2-400x226.png 400w, https:\/\/www.flowinn.biz\/wp-content\/uploads\/2020\/04\/2-600x339.png 600w, https:\/\/www.flowinn.biz\/wp-content\/uploads\/2020\/04\/2-800x452.png 800w, https:\/\/www.flowinn.biz\/wp-content\/uploads\/2020\/04\/2-1200x678.png 1200w, https:\/\/www.flowinn.biz\/wp-content\/uploads\/2020\/04\/2.png 1360w\" sizes=\"(min-width: 2200px) 100vw, (min-width: 732px) 560px, (min-width: 640px) 732px, \" \/><div class=\"fusion-rollover\">\n\t<div class=\"fusion-rollover-content\">\n\n\t\t\t\t\t\t\t\t\t\t\t\t\t\t<a class=\"fusion-rollover-link\" href=\"https:\/\/www.flowinn.biz\/en\/case-study-dpd-projeto-de-certificacao-e-faturacao-eletronica\/\">CASE STUDY DPD &#8211; Projeto de Certifica\u00e7\u00e3o e Fatura\u00e7\u00e3o Eletr\u00f3nica<\/a>\n\t\t\t\n\t\t\t\t\t\t\t\t\t\t\t\t\t\t\n\t\t\t\t\t\t\t\t\n\t\t\t\t\t\t\t\t\t\t\t\t\t<div class=\"fusion-rollover-sep\"><\/div>\n\t\t\t\t\n\t\t\t\t\t\t\t\t\t\t\t\t\t\t\t\t\t\t<a class=\"fusion-rollover-gallery\" href=\"https:\/\/www.flowinn.biz\/wp-content\/uploads\/2020\/04\/2.png\" data-options=\"\" data-id=\"22154\" data-rel=\"iLightbox[gallery]\" data-title=\"2\" data-caption=\"\">\n\t\t\t\t\t\tGallery\t\t\t\t\t<\/a>\n\t\t\t\t\t\t\t\t\t\t\t\t\t\t\n\t\t\n\t\t\t\t\t\t\t\t\t\t\t\t<h4 class=\"fusion-rollover-title\">\n\t\t\t\t\t<a class=\"fusion-rollover-title-link\" href=\"https:\/\/www.flowinn.biz\/en\/case-study-dpd-projeto-de-certificacao-e-faturacao-eletronica\/\">\n\t\t\t\t\t\tCASE STUDY DPD &#8211; Projeto de Certifica\u00e7\u00e3o e Fatura\u00e7\u00e3o Eletr\u00f3nica\t\t\t\t\t<\/a>\n\t\t\t\t<\/h4>\n\t\t\t\n\t\t\t\t\t\t\t\t\t\t<div class=\"fusion-rollover-categories\"><a href=\"https:\/\/www.flowinn.biz\/en\/category\/case-study\/\" rel=\"tag\">Case-Study<\/a><\/div>\t\t\t\t\t\n\t\t\n\t\t\t\t\t\t<a class=\"fusion-link-wrapper\" href=\"https:\/\/www.flowinn.biz\/en\/case-study-dpd-projeto-de-certificacao-e-faturacao-eletronica\/\" aria-label=\"CASE STUDY DPD &#8211; Projeto de Certifica\u00e7\u00e3o e Fatura\u00e7\u00e3o Eletr\u00f3nica\"><\/a>\n\t<\/div>\n<\/div>\n<\/div>\n<\/li>\n\t\t\t\n\t\t\t\n\t\t\t\t\t\t\t\t\t\t\t\t\t\t\t\t\t\t\t\t\t\t\t\t\t\t\t\t\t\t\t\t\t\t\t\t\t\t\t\t\t\t\t\t\t\t\t\t\t\t\t\t\t\t\t\t\t\t\t\t\t\t\t\t\t\t\t\t<\/ul>\n\t<\/div>\n\t<div class=\"fusion-post-content-wrapper\" style=\"padding:30px 25px 20px 25px;\"><div class=\"fusion-post-content post-content\"><h2 class=\"blog-shortcode-post-title entry-title\"><a href=\"https:\/\/www.flowinn.biz\/en\/case-study-dpd-projeto-de-certificacao-e-faturacao-eletronica\/\">CASE STUDY DPD &#8211; Projeto de Certifica\u00e7\u00e3o e Fatura\u00e7\u00e3o Eletr\u00f3nica<\/a><\/h2><p class=\"fusion-single-line-meta\">By <span class=\"vcard\"><span class=\"fn\"><a href=\"https:\/\/www.flowinn.biz\/en\/author\/admin\/\" title=\"Posts by Flowinn\" rel=\"author\">Flowinn<\/a><\/span><\/span><span class=\"fusion-inline-sep\">|<\/span><span class=\"updated\" style=\"display:none;\">2020-06-18T13:39:58+00:00<\/span><span>April 28th, 2020<\/span><span class=\"fusion-inline-sep\">|<\/span>Categories: <a href=\"https:\/\/www.flowinn.biz\/en\/category\/case-study\/\" rel=\"category tag\">Case-Study<\/a><span class=\"fusion-inline-sep\">|<\/span><\/p><div class=\"fusion-content-sep sep-double sep-solid\"><\/div><div class=\"fusion-post-content-container\"><p>A DPD Portugal escolheu a flowinn para a implementa\u00e7\u00e3o do seu processo de certifica\u00e7\u00e3o e fatura\u00e7\u00e3o eletr\u00f3nica. Quem \u00e9 o Cliente? A DPD Portugal \u00e9 uma empresa [...]<\/p><\/div><\/div><div class=\"fusion-meta-info\"><div class=\"fusion-alignleft\"><a class=\"fusion-read-more\" href=\"https:\/\/www.flowinn.biz\/en\/case-study-dpd-projeto-de-certificacao-e-faturacao-eletronica\/\" aria-label=\"More on CASE STUDY DPD &#8211; Projeto de Certifica\u00e7\u00e3o e Fatura\u00e7\u00e3o Eletr\u00f3nica\">Read More<\/a><\/div><\/div><\/div><div class=\"fusion-clearfix\"><\/div><\/div>\n<\/article>\n<div class=\"fusion-clearfix\"><\/div><\/div><\/div><div class=\"fusion-clearfix\"><\/div><\/div><\/div><\/div><\/div>\n","protected":false},"excerpt":{"rendered":"","protected":false},"author":1,"featured_media":0,"parent":10870,"menu_order":0,"comment_status":"closed","ping_status":"closed","template":"","meta":{"_acf_changed":false,"footnotes":""},"class_list":["post-22066","page","type-page","status-publish","hentry"],"acf":[],"_links":{"self":[{"href":"https:\/\/www.flowinn.biz\/en\/wp-json\/wp\/v2\/pages\/22066","targetHints":{"allow":["GET"]}}],"collection":[{"href":"https:\/\/www.flowinn.biz\/en\/wp-json\/wp\/v2\/pages"}],"about":[{"href":"https:\/\/www.flowinn.biz\/en\/wp-json\/wp\/v2\/types\/page"}],"author":[{"embeddable":true,"href":"https:\/\/www.flowinn.biz\/en\/wp-json\/wp\/v2\/users\/1"}],"replies":[{"embeddable":true,"href":"https:\/\/www.flowinn.biz\/en\/wp-json\/wp\/v2\/comments?post=22066"}],"version-history":[{"count":4,"href":"https:\/\/www.flowinn.biz\/en\/wp-json\/wp\/v2\/pages\/22066\/revisions"}],"predecessor-version":[{"id":22111,"href":"https:\/\/www.flowinn.biz\/en\/wp-json\/wp\/v2\/pages\/22066\/revisions\/22111"}],"up":[{"embeddable":true,"href":"https:\/\/www.flowinn.biz\/en\/wp-json\/wp\/v2\/pages\/10870"}],"wp:attachment":[{"href":"https:\/\/www.flowinn.biz\/en\/wp-json\/wp\/v2\/media?parent=22066"}],"curies":[{"name":"wp","href":"https:\/\/api.w.org\/{rel}","templated":true}]}}